{"id":9300,"date":"2023-01-06T15:30:20","date_gmt":"2023-01-06T14:30:20","guid":{"rendered":"https:\/\/www.lindovino.it\/?page_id=9300"},"modified":"2023-01-06T15:30:46","modified_gmt":"2023-01-06T14:30:46","slug":"ben-arrivati-nellindovino","status":"publish","type":"page","link":"https:\/\/www.lindovino.it\/index.php\/ben-arrivati-nellindovino\/","title":{"rendered":"Filosofia"},"content":{"rendered":"\n<figure class=\"wp-block-image size-full is-resized\"><img fetchpriority=\"high\" decoding=\"async\" src=\"https:\/\/www.lindovino.it\/wp-content\/uploads\/2023\/01\/IndoVino-uva-multicolore-625x361-1.jpg\" alt=\"\" class=\"wp-image-9297\" width=\"765\" height=\"442\" srcset=\"https:\/\/www.lindovino.it\/wp-content\/uploads\/2023\/01\/IndoVino-uva-multicolore-625x361-1.jpg 625w, https:\/\/www.lindovino.it\/wp-content\/uploads\/2023\/01\/IndoVino-uva-multicolore-625x361-1-300x173.jpg 300w, https:\/\/www.lindovino.it\/wp-content\/uploads\/2023\/01\/IndoVino-uva-multicolore-625x361-1-150x87.jpg 150w, https:\/\/www.lindovino.it\/wp-content\/uploads\/2023\/01\/IndoVino-uva-multicolore-625x361-1-450x260.jpg 450w\" sizes=\"(max-width: 765px) 100vw, 765px\" \/><\/figure>\n\n\n\n<h2 class=\"wp-block-heading\"><em>Ben arrivati nell\u2019INDOVINO,<\/em><\/h2>\n\n\n\n<p>blog sul mondo dei vini che non vuole avere le pretese tecniche e descrittive che ritroviamo in siti gestiti da associazioni &nbsp;specifiche, ma vuole creare una cultura pi\u00f9 vicina alla&nbsp;<em>Gente del Vino<\/em>&nbsp;nella propria essenza principale :&nbsp;<em><strong>l\u2019Esperienza Emozionale<\/strong><\/em>.<\/p>\n\n\n\n<p>Si vuole rompere con i normali schemi ed impostazioni rigide, che negli anni scorsi hanno sicuramente formato una cultura del bere senza pari nei secoli, evolvendo il concetto tecnico in esperienza unica e soggettiva, libera di esaltare le proprie emozioni, nel massimo rispetto di chi il vino non lo beve solamente, ma lo produce, vivendolo con fatica negli alti e bassi delle varie stagioni (annate).<\/p>\n\n\n<div class=\"wp-block-image\">\n<figure class=\"alignright\"><img decoding=\"async\" src=\"https:\/\/www.lindovino.it\/wp-content\/uploads\/2018\/11\/IndoVino-uva-arcobaleno-300x300.jpg\" alt=\"\" class=\"wp-image-719\"\/><\/figure>\n<\/div>\n\n\n<p>Per questo si \u00e8 pensato di dare pochi e precisi parametri per descrivere un vino entro uno scrigno (calice), tassativamente in cristallo vocato a contenere un prezioso tesoro sempre unico ed inimitabile.<\/p>\n\n\n\n<p><strong>Il Colore<\/strong>: elemento che si valuter\u00e0 nella sua bellezza, luminosit\u00e0 e tonalit\u00e0 in senso assoluto, che esso sia di un vino bianco o rosso; questo perch\u00e9 il colore ha mille sfumature e riflessi e la sua appagante bellezza \u00e8 presente, come in un quadro, anche in un Pinot nero o Tai Rosso.<\/p>\n\n\n\n<p><strong>Il Profumo<\/strong>: componente che si valuter\u00e0 nella sua piacevolezza, ricchezza olfattiva e privazione di sgradevoli odori sia naturali che non.<\/p>\n\n\n\n<p><strong>Il Gusto:&nbsp;<\/strong>si valuter\u00e0in modo pi\u00f9 ampio del normale, nella sua struttura intera, partendo dalla \u201ctesta\u201d (partenza in bocca), al suo \u201ccorpo\u201d (apertura del vino assaporandolo in bocca, espressione della sua struttura, ampiezza e complessit\u00e0 gustativa), alla sua \u201ccoda\u201d (la lunghezza di persistenza che il vino lascia in bocca dopo la deglutizione), per giungere alla chiusura (come il vino scompare dalla bocca dopo la deglutizione e che sensazioni lascia). Il tutto possiamo immaginarlo come il corpo di un Tursiope.<\/p>\n\n\n\n<p><strong>L\u2019Emozione:&nbsp;<\/strong>nuovo parametro inedito ma fondamentale, che il mondo tecnico del vino ha tralasciato, che va oltre il buono o cattivo; erroneamente lo correliamo spesso ad un\u2019etichetta blasonata ed ad un prezzo elevato, ma che sempre pi\u00f9 spesso non corrisponde alla realt\u00e0. L\u2019Emozione che il grande vino deve trasmettere e farci cambiar umore in una brutta giornata, \u00e8 ridonarci il sorriso sempre pi\u00f9 raro nei nostri volti; \u00e8 IL sentimento che pervadendoci deve ancora stupirci profondamente facendoci sognare!<\/p>\n\n\n\n<p><strong>La Bevibilit\u00e0:&nbsp;<\/strong>altro parametro sottovalutato dai critici \u00e8 la scorrevolezza di un vino nel palato, la voglia di berne ancora, cosa che spesso grandi vini non hanno e per questo restano per anni negli scaffali in attesa di per poter essere stappati per Eventi unici, ma che purtroppo, molte volte, non arrivano mai! Parametro, che a nostro parere, dovrebbe necessariamente essere preso in considerazione dai produttori, e dai consumatori poich\u00e9 marker principe nelle vendite di mercato. Il Prosecco ne \u00e8 indiscutibilmente l\u2019esempio pi\u00f9 lampante al mondo!<\/p>\n\n\n\n<p>A nostro avviso la ricchezza tipologica dei vini, \u00e8 cos\u00ec vasta, che non riteniamo opportuno di paragonare un rosso con un bianco, un metodo classico con un metodo charmat, ma nemmeno una zona tipica specifica con un\u2019altra, come un Barolo delle Langhe con un Brunello di Montalcino o un Franciacorta con uno Champagne!<\/p>\n\n\n<div class=\"wp-block-image\">\n<figure class=\"alignleft\"><img decoding=\"async\" src=\"https:\/\/www.lindovino.it\/wp-content\/uploads\/2018\/11\/IndoVino-vino-rosso-217x300.jpg\" alt=\"\" class=\"wp-image-723\"\/><\/figure>\n<\/div>\n\n\n<p>A questo, si aggiungano recensioni su cantine, degustazioni ed eventi sul vino che sempre pi\u00f9 circondano gli \u201ceno appassionati\u201d o come dicono i Britannici \u201cWine Lovers\u201d.<\/p>\n\n\n\n<p>Premetto che le cantine vengono visitate senza preavviso, ce ne scusiamo vivamente con i produttori che a volte sono dispiaciuti o seccati per l\u2019improvvisazione, ma \u00e8 il nostro modo per essere trattati come uno di voi, che si reca in cantina senza privilegi ne cerimoniali a volte fuorvianti nei giudizi.<\/p>\n\n\n\n<p><strong>Gli indici di recensione sono volti sia al consumatore che al produttore, cercando, con un giudizio in decimi che parte da un minimo di 5.0\/10.0 ad un massimo di 10.0\/10.0, correlato da una breve descrizione, volta a comunicare ad entrambe come vediamo, troviamo, percepiamo ed apprezziamo il vino degustato.<\/strong><\/p>\n\n\n\n<p><em>Precisiamo che i vini recensiti presentano sempre un\u2019annata in etichetta, ed il nostro giudizio verte esclusivamente su quell\u2019annata assagiata nella precisa data di degustazione evidenziata nella scheda.<\/em><\/p>\n\n\n\n<p>Altra novit\u00e0 particolare del sito \u00e8 la possibilit\u00e0, anche per VOI, di votare un vino gi\u00e0 recensito, in modo da affiancare il nostro giudizio a quello vostro. Potete anche comunicare con noi, dandoci informazioni, suggerimenti o vostre opinioni, sempre nel rispetto reciproco ed in particolare dei produttori che tanta fatica ed impegno ci mettono per regalarci un calice di vino che a volte riesce ed a volte purtroppo no.<\/p>\n\n\n\n<p>Vogliamo specificare che le recensioni non vogliono giudicare in senso assoluto, ma sono puramente indicative e criticabili costruttivamente, in quanto ogni uomo ha una percezione e visione delle cose del tutto personale e profondamente rispettabile.<\/p>\n\n\n\n<p>Grazie per averci visitato e\u2026 BUONA EMOZIONE A TUTTI!<\/p>\n\n\n\n<blockquote class=\"wp-block-quote has-text-align-right is-layout-flow wp-block-quote-is-layout-flow\"><p><em>L\u2019IndoVino<\/em><\/p><\/blockquote>\n","protected":false},"excerpt":{"rendered":"<p>Ben arrivati nell\u2019INDOVINO, blog sul mondo dei vini che non vuole avere le pretese tecniche e descrittive che ritroviamo in siti gestiti da associazioni &nbsp;specifiche, ma vuole creare una cultura pi\u00f9 vicina alla&nbsp;Gente del Vino&nbsp;nella propria essenza principale :&nbsp;l\u2019Esperienza Emozionale. Si vuole rompere con i normali schemi ed impostazioni rigide, che negli anni scorsi hanno<\/p>\n","protected":false},"author":1,"featured_media":0,"parent":0,"menu_order":0,"comment_status":"closed","ping_status":"closed","template":"","meta":{"footnotes":""},"class_list":["post-9300","page","type-page","status-publish"],"yoast_head":"<!-- This site is optimized with the Yoast SEO plugin v27.5 - https:\/\/yoast.com\/product\/yoast-seo-wordpress\/ -->\n<title>Filosofia - L&#039;indovino<\/title>\n<meta name=\"robots\" content=\"index, follow, max-snippet:-1, max-image-preview:large, max-video-preview:-1\" \/>\n<link rel=\"canonical\" href=\"https:\/\/www.lindovino.it\/index.php\/ben-arrivati-nellindovino\/\" \/>\n<meta property=\"og:locale\" content=\"it_IT\" \/>\n<meta property=\"og:type\" content=\"article\" \/>\n<meta property=\"og:title\" content=\"Filosofia - L&#039;indovino\" \/>\n<meta property=\"og:description\" content=\"Ben arrivati nell\u2019INDOVINO, blog sul mondo dei vini che non vuole avere le pretese tecniche e descrittive che ritroviamo in siti gestiti da associazioni &nbsp;specifiche, ma vuole creare una cultura pi\u00f9 vicina alla&nbsp;Gente del Vino&nbsp;nella propria essenza principale :&nbsp;l\u2019Esperienza Emozionale. Si vuole rompere con i normali schemi ed impostazioni rigide, che negli anni scorsi hanno\" \/>\n<meta property=\"og:url\" content=\"https:\/\/www.lindovino.it\/index.php\/ben-arrivati-nellindovino\/\" \/>\n<meta property=\"og:site_name\" content=\"L&#039;indovino\" \/>\n<meta property=\"article:modified_time\" content=\"2023-01-06T14:30:46+00:00\" \/>\n<meta property=\"og:image\" content=\"https:\/\/www.lindovino.it\/wp-content\/uploads\/2023\/01\/IndoVino-uva-multicolore-625x361-1.jpg\" \/>\n<meta name=\"twitter:card\" content=\"summary_large_image\" \/>\n<meta name=\"twitter:label1\" content=\"Tempo di lettura stimato\" \/>\n\t<meta name=\"twitter:data1\" content=\"4 minuti\" \/>\n<script type=\"application\/ld+json\" class=\"yoast-schema-graph\">{\"@context\":\"https:\\\/\\\/schema.org\",\"@graph\":[{\"@type\":\"WebPage\",\"@id\":\"https:\\\/\\\/www.lindovino.it\\\/index.php\\\/ben-arrivati-nellindovino\\\/\",\"url\":\"https:\\\/\\\/www.lindovino.it\\\/index.php\\\/ben-arrivati-nellindovino\\\/\",\"name\":\"Filosofia - L&#039;indovino\",\"isPartOf\":{\"@id\":\"https:\\\/\\\/www.lindovino.it\\\/#website\"},\"primaryImageOfPage\":{\"@id\":\"https:\\\/\\\/www.lindovino.it\\\/index.php\\\/ben-arrivati-nellindovino\\\/#primaryimage\"},\"image\":{\"@id\":\"https:\\\/\\\/www.lindovino.it\\\/index.php\\\/ben-arrivati-nellindovino\\\/#primaryimage\"},\"thumbnailUrl\":\"https:\\\/\\\/www.lindovino.it\\\/wp-content\\\/uploads\\\/2023\\\/01\\\/IndoVino-uva-multicolore-625x361-1.jpg\",\"datePublished\":\"2023-01-06T14:30:20+00:00\",\"dateModified\":\"2023-01-06T14:30:46+00:00\",\"breadcrumb\":{\"@id\":\"https:\\\/\\\/www.lindovino.it\\\/index.php\\\/ben-arrivati-nellindovino\\\/#breadcrumb\"},\"inLanguage\":\"it-IT\",\"potentialAction\":[{\"@type\":\"ReadAction\",\"target\":[\"https:\\\/\\\/www.lindovino.it\\\/index.php\\\/ben-arrivati-nellindovino\\\/\"]}]},{\"@type\":\"ImageObject\",\"inLanguage\":\"it-IT\",\"@id\":\"https:\\\/\\\/www.lindovino.it\\\/index.php\\\/ben-arrivati-nellindovino\\\/#primaryimage\",\"url\":\"https:\\\/\\\/www.lindovino.it\\\/wp-content\\\/uploads\\\/2023\\\/01\\\/IndoVino-uva-multicolore-625x361-1.jpg\",\"contentUrl\":\"https:\\\/\\\/www.lindovino.it\\\/wp-content\\\/uploads\\\/2023\\\/01\\\/IndoVino-uva-multicolore-625x361-1.jpg\",\"width\":625,\"height\":361},{\"@type\":\"BreadcrumbList\",\"@id\":\"https:\\\/\\\/www.lindovino.it\\\/index.php\\\/ben-arrivati-nellindovino\\\/#breadcrumb\",\"itemListElement\":[{\"@type\":\"ListItem\",\"position\":1,\"name\":\"Home\",\"item\":\"https:\\\/\\\/www.lindovino.it\\\/\"},{\"@type\":\"ListItem\",\"position\":2,\"name\":\"Filosofia\"}]},{\"@type\":\"WebSite\",\"@id\":\"https:\\\/\\\/www.lindovino.it\\\/#website\",\"url\":\"https:\\\/\\\/www.lindovino.it\\\/\",\"name\":\"L&#039;indovino\",\"description\":\"L&#039;Indovino vive il Vino\",\"potentialAction\":[{\"@type\":\"SearchAction\",\"target\":{\"@type\":\"EntryPoint\",\"urlTemplate\":\"https:\\\/\\\/www.lindovino.it\\\/?s={search_term_string}\"},\"query-input\":{\"@type\":\"PropertyValueSpecification\",\"valueRequired\":true,\"valueName\":\"search_term_string\"}}],\"inLanguage\":\"it-IT\"}]}<\/script>\n<!-- \/ Yoast SEO plugin. -->","yoast_head_json":{"title":"Filosofia - L&#039;indovino","robots":{"index":"index","follow":"follow","max-snippet":"max-snippet:-1","max-image-preview":"max-image-preview:large","max-video-preview":"max-video-preview:-1"},"canonical":"https:\/\/www.lindovino.it\/index.php\/ben-arrivati-nellindovino\/","og_locale":"it_IT","og_type":"article","og_title":"Filosofia - L&#039;indovino","og_description":"Ben arrivati nell\u2019INDOVINO, blog sul mondo dei vini che non vuole avere le pretese tecniche e descrittive che ritroviamo in siti gestiti da associazioni &nbsp;specifiche, ma vuole creare una cultura pi\u00f9 vicina alla&nbsp;Gente del Vino&nbsp;nella propria essenza principale :&nbsp;l\u2019Esperienza Emozionale. Si vuole rompere con i normali schemi ed impostazioni rigide, che negli anni scorsi hanno","og_url":"https:\/\/www.lindovino.it\/index.php\/ben-arrivati-nellindovino\/","og_site_name":"L&#039;indovino","article_modified_time":"2023-01-06T14:30:46+00:00","og_image":[{"url":"https:\/\/www.lindovino.it\/wp-content\/uploads\/2023\/01\/IndoVino-uva-multicolore-625x361-1.jpg","type":"","width":"","height":""}],"twitter_card":"summary_large_image","twitter_misc":{"Tempo di lettura stimato":"4 minuti"},"schema":{"@context":"https:\/\/schema.org","@graph":[{"@type":"WebPage","@id":"https:\/\/www.lindovino.it\/index.php\/ben-arrivati-nellindovino\/","url":"https:\/\/www.lindovino.it\/index.php\/ben-arrivati-nellindovino\/","name":"Filosofia - L&#039;indovino","isPartOf":{"@id":"https:\/\/www.lindovino.it\/#website"},"primaryImageOfPage":{"@id":"https:\/\/www.lindovino.it\/index.php\/ben-arrivati-nellindovino\/#primaryimage"},"image":{"@id":"https:\/\/www.lindovino.it\/index.php\/ben-arrivati-nellindovino\/#primaryimage"},"thumbnailUrl":"https:\/\/www.lindovino.it\/wp-content\/uploads\/2023\/01\/IndoVino-uva-multicolore-625x361-1.jpg","datePublished":"2023-01-06T14:30:20+00:00","dateModified":"2023-01-06T14:30:46+00:00","breadcrumb":{"@id":"https:\/\/www.lindovino.it\/index.php\/ben-arrivati-nellindovino\/#breadcrumb"},"inLanguage":"it-IT","potentialAction":[{"@type":"ReadAction","target":["https:\/\/www.lindovino.it\/index.php\/ben-arrivati-nellindovino\/"]}]},{"@type":"ImageObject","inLanguage":"it-IT","@id":"https:\/\/www.lindovino.it\/index.php\/ben-arrivati-nellindovino\/#primaryimage","url":"https:\/\/www.lindovino.it\/wp-content\/uploads\/2023\/01\/IndoVino-uva-multicolore-625x361-1.jpg","contentUrl":"https:\/\/www.lindovino.it\/wp-content\/uploads\/2023\/01\/IndoVino-uva-multicolore-625x361-1.jpg","width":625,"height":361},{"@type":"BreadcrumbList","@id":"https:\/\/www.lindovino.it\/index.php\/ben-arrivati-nellindovino\/#breadcrumb","itemListElement":[{"@type":"ListItem","position":1,"name":"Home","item":"https:\/\/www.lindovino.it\/"},{"@type":"ListItem","position":2,"name":"Filosofia"}]},{"@type":"WebSite","@id":"https:\/\/www.lindovino.it\/#website","url":"https:\/\/www.lindovino.it\/","name":"L&#039;indovino","description":"L&#039;Indovino vive il Vino","potentialAction":[{"@type":"SearchAction","target":{"@type":"EntryPoint","urlTemplate":"https:\/\/www.lindovino.it\/?s={search_term_string}"},"query-input":{"@type":"PropertyValueSpecification","valueRequired":true,"valueName":"search_term_string"}}],"inLanguage":"it-IT"}]}},"_links":{"self":[{"href":"https:\/\/www.lindovino.it\/index.php\/wp-json\/wp\/v2\/pages\/9300","targetHints":{"allow":["GET"]}}],"collection":[{"href":"https:\/\/www.lindovino.it\/index.php\/wp-json\/wp\/v2\/pages"}],"about":[{"href":"https:\/\/www.lindovino.it\/index.php\/wp-json\/wp\/v2\/types\/page"}],"author":[{"embeddable":true,"href":"https:\/\/www.lindovino.it\/index.php\/wp-json\/wp\/v2\/users\/1"}],"replies":[{"embeddable":true,"href":"https:\/\/www.lindovino.it\/index.php\/wp-json\/wp\/v2\/comments?post=9300"}],"version-history":[{"count":2,"href":"https:\/\/www.lindovino.it\/index.php\/wp-json\/wp\/v2\/pages\/9300\/revisions"}],"predecessor-version":[{"id":9302,"href":"https:\/\/www.lindovino.it\/index.php\/wp-json\/wp\/v2\/pages\/9300\/revisions\/9302"}],"wp:attachment":[{"href":"https:\/\/www.lindovino.it\/index.php\/wp-json\/wp\/v2\/media?parent=9300"}],"curies":[{"name":"wp","href":"https:\/\/api.w.org\/{rel}","templated":true}]}}